{"id":585,"date":"2026-05-01T19:42:27","date_gmt":"2026-05-01T19:42:27","guid":{"rendered":"https:\/\/chomboadventures.com\/home-de\/"},"modified":"2026-05-04T10:43:25","modified_gmt":"2026-05-04T10:43:25","slug":"home-de","status":"publish","type":"page","link":"https:\/\/chomboadventures.com\/de\/","title":{"rendered":"Chombo Adventures"},"content":{"rendered":"<p class=\"chombo-eyebrow\">Entfliehen Sie dem Alltag mit Chombo-Adventures<\/p>\n<div class=\"chombo-brand-lead\">\n<h2>Sp\u00fcren Sie die Freiheit auf dem Wasser und entdecken Sie die unber\u00fchrte Natur des Deltas.<\/h2>\n<p>Haben Sie genug vom Trubel der Stadt? M\u00f6chten Sie den \u00fcberf\u00fcllten Terminkalender hinter sich lassen und suchen Sie Entspannung durch ein besonderes Erlebnis? Bei Chombo-Adventures nehmen wir Sie mit an Orte, an denen der Wind noch freies Spiel hat und die Natur das Sagen hat. Kein Massentourismus, sondern exklusive, pers\u00f6nliche Erlebnisse.<\/p>\n<p>Kommen Sie bei uns an Bord f\u00fcr ein unvergessliches Abenteuer an der Schnittstelle von Land und Wasser. Das erwartet Sie:<\/p>\n<\/div>\n<div class=\"chombo-hub-feature-list\">\n<article class=\"chombo-hub-feature chombo-hub-feature--fishing\">\n<figure class=\"chombo-hub-feature__media\">\n<img decoding=\"async\" src=\"\/wp-content\/themes\/chombo-adventures\/assets\/photos\/fishing-hero.jpg\" alt=\"\"><br \/>\n<\/figure>\n<div class=\"chombo-hub-feature__body\">\n<h3>Chombo-Fishing<\/h3>\n<p>Professionelle Angelguiding-Begleitung<\/p>\n<p><a class=\"chombo-btn chombo-hub-feature__button\" href=\"https:\/\/chomboadventures.com\/de\/chombofishing\/\">Dieses Erlebnis ansehen<\/a>\n<\/div>\n<\/article>\n<\/div>\n<p>Lassen Sie sich von unserem erfahrenen Angelguide zu den besten Spots f\u00fchren. Auf dem Haringvliet und im Sommer bei gutem Wetter auf offener See werden Sie mit besonderen F\u00e4ngen \u00fcberrascht. Das Erlebnis, die Natur und nat\u00fcrlich die Ruhe auf dem Wasser stehen im Mittelpunkt \u2013 die F\u00e4nge sind ein Bonus.<\/p>\n<div class=\"chombo-hub-feature-list\">\n<article class=\"chombo-hub-feature chombo-hub-feature--seal\">\n<figure class=\"chombo-hub-feature__media\">\n<img decoding=\"async\" src=\"\/wp-content\/themes\/chombo-adventures\/assets\/photos\/seal-hero.jpg\" alt=\"\"><br \/>\n<\/figure>\n<div class=\"chombo-hub-feature__body\">\n<h3>Chombo-Sealsafari<\/h3>\n<p>Begegnung mit den K\u00fcstenbewohnern<\/p>\n<p><a class=\"chombo-btn chombo-hub-feature__button\" href=\"https:\/\/chomboadventures.com\/de\/chombosealsafari\/\">Dieses Erlebnis ansehen<\/a>\n<\/div>\n<\/article>\n<\/div>\n<p>Die Voordelta beherbergt eine wundersch\u00f6ne Natur. Wir fahren lautlos an den Sandb\u00e4nken der Voordelta entlang, um Seehunde und V\u00f6gel in ihrem nat\u00fcrlichen Lebensraum zu beobachten. Ein wertvolles Erlebnis f\u00fcr Jung und Alt.<\/p>\n<div class=\"chombo-hub-feature-list\">\n<article class=\"chombo-hub-feature chombo-hub-feature--nature\">\n<figure class=\"chombo-hub-feature__media\">\n<img decoding=\"async\" src=\"\/wp-content\/themes\/chombo-adventures\/assets\/photos\/nature-hero.jpg\" alt=\"\"><br \/>\n<\/figure>\n<div class=\"chombo-hub-feature__body\">\n<h3>Chombo-Nature Spotting auf dem Haringvliet<\/h3>\n<p>Entdecken Sie die verborgenen Sch\u00e4tze des Haringvliets. Von imposanten Seeadlern bis hin zu seltenen Wasserv\u00f6geln; wir nehmen uns die Zeit, Flora und Fauna zu beobachten, w\u00e4hrend die Welt um uns herum f\u00fcr einen Moment stillsteht.<\/p>\n<p><a class=\"chombo-btn chombo-hub-feature__button\" href=\"https:\/\/chomboadventures.com\/de\/chombonaturespotting\/\">Dieses Erlebnis ansehen<\/a>\n<\/div>\n<\/article>\n<\/div>\n<p>Bei Chombo-Adventures geht es nicht um Geschwindigkeit, sondern um die Verbindung mit der Natur und den Elementen. Sie kehren mit einer besonderen Erfahrung auf dem Wasser, einem freien Kopf und einem zufriedenen Gef\u00fchl zur\u00fcck. Nicht beschleunigen, sondern entschleunigen!<\/p>\n<h2>Die Natur ruft. Segeln Sie mit uns?<\/h2>\n","protected":false},"excerpt":{"rendered":"<p>Entfliehen Sie dem Alltag mit Chombo-Adventures Sp\u00fcren Sie die Freiheit auf dem Wasser und entdecken Sie die unber\u00fchrte Natur des Deltas. Haben Sie genug vom Trubel der Stadt? M\u00f6chten Sie den \u00fcberf\u00fcllten Terminkalender hinter sich lassen und suchen Sie Entspannung durch ein besonderes Erlebnis? Bei Chombo-Adventures nehmen wir Sie mit an Orte, an denen der [&hellip;]<\/p>\n","protected":false},"author":0,"featured_media":0,"parent":0,"menu_order":0,"comment_status":"closed","ping_status":"closed","template":"templates\/hub.php","meta":{"footnotes":""},"chombo_brand":[34],"class_list":["post-585","page","type-page","status-publish","hentry"],"_links":{"self":[{"href":"https:\/\/chomboadventures.com\/de\/wp-json\/wp\/v2\/pages\/585","targetHints":{"allow":["GET"]}}],"collection":[{"href":"https:\/\/chomboadventures.com\/de\/wp-json\/wp\/v2\/pages"}],"about":[{"href":"https:\/\/chomboadventures.com\/de\/wp-json\/wp\/v2\/types\/page"}],"replies":[{"embeddable":true,"href":"https:\/\/chomboadventures.com\/de\/wp-json\/wp\/v2\/comments?post=585"}],"version-history":[{"count":6,"href":"https:\/\/chomboadventures.com\/de\/wp-json\/wp\/v2\/pages\/585\/revisions"}],"predecessor-version":[{"id":655,"href":"https:\/\/chomboadventures.com\/de\/wp-json\/wp\/v2\/pages\/585\/revisions\/655"}],"wp:attachment":[{"href":"https:\/\/chomboadventures.com\/de\/wp-json\/wp\/v2\/media?parent=585"}],"wp:term":[{"taxonomy":"chombo_brand","embeddable":true,"href":"https:\/\/chomboadventures.com\/de\/wp-json\/wp\/v2\/chombo_brand?post=585"}],"curies":[{"name":"wp","href":"https:\/\/api.w.org\/{rel}","templated":true}]}}