{"id":591,"date":"2026-05-01T19:42:31","date_gmt":"2026-05-01T19:42:31","guid":{"rendered":"https:\/\/chomboadventures.com\/chombosealsafari-de\/"},"modified":"2026-05-04T10:43:58","modified_gmt":"2026-05-04T10:43:58","slug":"chombosealsafari","status":"publish","type":"page","link":"https:\/\/chomboadventures.com\/de\/chombosealsafari\/","title":{"rendered":"Chombo Seal Safari"},"content":{"rendered":"<p class=\"chombo-eyebrow\">Willkommen bei Chombo-Sealsafari: Wo die Natur die Zeit bestimmt<\/p>\n<section id=\"over\" class=\"chombo-split-section\">\n<div class=\"chombo-split-section__text\">\n<p>Kommen Sie an Bord und lassen Sie die Hektik des Festlandes hinter sich. Wir nehmen Sie mit in das Voordelta. Nicht f\u00fcr eine schnelle Tour, sondern f\u00fcr eine Begegnung mit der Nordsee in ihrem ganz eigenen Tempo.<\/p>\n<\/div>\n<figure class=\"chombo-split-section__media\">\n<img decoding=\"async\" src=\"\/wp-content\/themes\/chombo-adventures\/assets\/photos\/seal\/section-1.jpg\" alt=\"\"><br \/>\n<\/figure>\n<\/section>\n<section id=\"vertragen\" class=\"chombo-split-section chombo-split-section--reverse\">\n<div class=\"chombo-split-section__text\">\n<h2>Nicht beschleunigen, sondern entschleunigen<\/h2>\n<p>In einer Welt, die st\u00e4ndig \u201ean\u201c ist, w\u00e4hlen wir die Ruhe; bei unseren Safaris dreht sich alles um die Natur. W\u00e4hrend der Elektromotor uns in aller Stille an Ort und Stelle h\u00e4lt, h\u00f6ren Sie nur noch das Pl\u00e4tschern des Wassers, den Ruf der K\u00fcstenv\u00f6gel oder das Heulen eines jungen Seehunds. In dieser Stille zeigt sich die Natur von ihrer sch\u00f6nsten Seite \u2013 das Leben entfaltet sich um uns herum, und wir sehen, h\u00f6ren und riechen es.<\/p>\n<\/div>\n<figure class=\"chombo-split-section__media\">\n<img decoding=\"async\" src=\"\/wp-content\/themes\/chombo-adventures\/assets\/photos\/seal\/section-2.jpg\" alt=\"\"><br \/>\n<\/figure>\n<\/section>\n<section id=\"getij\" class=\"chombo-split-section\">\n<div class=\"chombo-split-section__text\">\n<h2>Keine Uhr, sondern Wetter und Gezeiten<\/h2>\n<p>Bei uns sagt Ihnen die Natur, wie sp\u00e4t es ist. Wir segeln im Rhythmus der Elemente: dem Stand der Sonne, der Windrichtung und der Bewegung der Gezeiten. Wenn die Sandb\u00e4nke trockenfallen, bereiten wir uns auf eine Begegnung mit den Bewohnern des Voordeltas vor. Wir halten es bewusst klein \u2013 also kein gro\u00dfes Boot voller Menschen.<\/p>\n<\/div>\n<figure class=\"chombo-split-section__media\">\n<img decoding=\"async\" src=\"\/wp-content\/themes\/chombo-adventures\/assets\/photos\/seal\/section-3.jpg\" alt=\"\"><br \/>\n<\/figure>\n<\/section>\n<section id=\"habitat\" class=\"chombo-split-section chombo-split-section--reverse\">\n<div class=\"chombo-split-section__text\">\n<h2>Begegnen Sie Seehunden und V\u00f6geln in ihrem eigenen Habitat<\/h2>\n<p>Die Seehunde sind hier zu Hause. Wir beobachten sie mit gr\u00f6\u00dftem Respekt in ihrem Lebensraum. So haben Sie die Chance, sie in ihrem nat\u00fcrlichsten Zustand zu erleben: ruhend auf den Sandplatten oder neugierig schwimmend. Auch viele Vogelarten gehen hier auf Nahrungssuche, fliegen an und ab \u2013 sie sind Teil unseres Augenblicks mitten in der Natur. Ein wahrer Genuss f\u00fcr Fotografen und Naturliebhaber.<\/p>\n<\/div>\n<figure class=\"chombo-split-section__media\">\n<img decoding=\"async\" src=\"\/wp-content\/themes\/chombo-adventures\/assets\/photos\/seal\/section-4.jpg\" alt=\"\"><br \/>\n<\/figure>\n<\/section>\n<section id=\"werkwijze\" class=\"chombo-split-section\">\n<div class=\"chombo-split-section__text\">\n<h2>So funktioniert es<\/h2>\n<p>Wir treffen uns an einem vorab vereinbarten Ort und machen uns auf den Weg zu den Sandb\u00e4nken.<\/p>\n<div class=\"chombo-feature-grid\">\n<article class=\"chombo-feature-card\">\n<h3>Dauer<\/h3>\n<p>Rechnen Sie mit einer Tour von etwa 2 bis 2,5 Stunden, abh\u00e4ngig vom Wetter und den Entdeckungen vor Ort.<\/p>\n<\/article>\n<article class=\"chombo-feature-card\">\n<h3>Kapazit\u00e4t<\/h3>\n<p>Maximal 4 Personen pro Fahrt.<\/p>\n<\/article>\n<article class=\"chombo-feature-card\">\n<h3>Mitzubringen<\/h3>\n<p>Fernglas, Kamera und etwas zu trinken.<\/p>\n<\/article>\n<article class=\"chombo-feature-card\">\n<h3>Kleidung<\/h3>\n<p>Passen Sie Ihre Kleidung den Wetterbedingungen an. Denken Sie daran, dass es auf dem Wasser bei Wind immer etwas k\u00fchler ist.<\/p>\n<\/article>\n<\/div>\n<p>Kontaktieren Sie uns \u00fcber das Kontaktformular, und wir werden uns bei Ihnen melden.<\/p>\n<\/div>\n<figure class=\"chombo-split-section__media\">\n<img decoding=\"async\" src=\"\/wp-content\/themes\/chombo-adventures\/assets\/photos\/seal\/section-1.jpg\" alt=\"\"><br \/>\n<\/figure>\n<\/section>\n<section id=\"sectie-6\" class=\"chombo-split-section chombo-split-section--reverse\">\n<div class=\"chombo-split-section__text\">\n<h2>Kommen Sie an Bord und lassen Sie die Nordsee und die Natur den Rest erledigen!<\/h2>\n<\/div>\n<figure class=\"chombo-split-section__media\">\n<img decoding=\"async\" src=\"\/wp-content\/themes\/chombo-adventures\/assets\/photos\/seal\/section-2.jpg\" alt=\"\"><br \/>\n<\/figure>\n<\/section>\n","protected":false},"excerpt":{"rendered":"<p>Willkommen bei Chombo-Sealsafari: Wo die Natur die Zeit bestimmt Kommen Sie an Bord und lassen Sie die Hektik des Festlandes hinter sich. Wir nehmen Sie mit in das Voordelta. Nicht f\u00fcr eine schnelle Tour, sondern f\u00fcr eine Begegnung mit der Nordsee in ihrem ganz eigenen Tempo. Nicht beschleunigen, sondern entschleunigen In einer Welt, die st\u00e4ndig [&hellip;]<\/p>\n","protected":false},"author":0,"featured_media":0,"parent":0,"menu_order":0,"comment_status":"closed","ping_status":"closed","template":"templates\/brand.php","meta":{"footnotes":""},"chombo_brand":[33],"class_list":["post-591","page","type-page","status-publish","hentry"],"_links":{"self":[{"href":"https:\/\/chomboadventures.com\/de\/wp-json\/wp\/v2\/pages\/591","targetHints":{"allow":["GET"]}}],"collection":[{"href":"https:\/\/chomboadventures.com\/de\/wp-json\/wp\/v2\/pages"}],"about":[{"href":"https:\/\/chomboadventures.com\/de\/wp-json\/wp\/v2\/types\/page"}],"replies":[{"embeddable":true,"href":"https:\/\/chomboadventures.com\/de\/wp-json\/wp\/v2\/comments?post=591"}],"version-history":[{"count":5,"href":"https:\/\/chomboadventures.com\/de\/wp-json\/wp\/v2\/pages\/591\/revisions"}],"predecessor-version":[{"id":640,"href":"https:\/\/chomboadventures.com\/de\/wp-json\/wp\/v2\/pages\/591\/revisions\/640"}],"wp:attachment":[{"href":"https:\/\/chomboadventures.com\/de\/wp-json\/wp\/v2\/media?parent=591"}],"wp:term":[{"taxonomy":"chombo_brand","embeddable":true,"href":"https:\/\/chomboadventures.com\/de\/wp-json\/wp\/v2\/chombo_brand?post=591"}],"curies":[{"name":"wp","href":"https:\/\/api.w.org\/{rel}","templated":true}]}}