{"id":584,"date":"2026-05-01T19:42:27","date_gmt":"2026-05-01T19:42:27","guid":{"rendered":"https:\/\/chomboadventures.com\/home-fr\/"},"modified":"2026-05-04T10:43:21","modified_gmt":"2026-05-04T10:43:21","slug":"home-fr","status":"publish","type":"page","link":"https:\/\/chomboadventures.com\/fr\/","title":{"rendered":"Chombo Adventures"},"content":{"rendered":"<p class=\"chombo-eyebrow\">\u00c9cheppez \u00e0 la routine quotidienne avec Chombo-adventures<\/p>\n<div class=\"chombo-brand-lead\">\n<h2>Ressentez la libert\u00e9 sur l&#x27;eau et d\u00e9couvrez la nature sauvage du Delta.<\/h2>\n<p>Fatigu\u00e9 de l&#x27;agitation de la ville ? Envie de laisser derri\u00e8re vous un agenda surcharg\u00e9 pour vous d\u00e9tendre \u00e0 travers une exp\u00e9rience unique ? Chez Chombo-adventures, nous vous emmenons l\u00e0 o\u00f9 le vent a encore la libert\u00e9 et o\u00f9 la nature est reine. Pas de tourisme de masse, mais des exp\u00e9riences \u00e0 petite \u00e9chelle et personnalis\u00e9es.<\/p>\n<p>Montez \u00e0 bord avec nous pour une aventure inoubliable \u00e0 la fronti\u00e8re entre terre et mer. Voici ce que nous vous proposons :<\/p>\n<\/div>\n<div class=\"chombo-hub-feature-list\">\n<article class=\"chombo-hub-feature chombo-hub-feature--fishing\">\n<figure class=\"chombo-hub-feature__media\">\n<img decoding=\"async\" src=\"\/wp-content\/themes\/chombo-adventures\/assets\/photos\/fishing-hero.jpg\" alt=\"\"><br \/>\n<\/figure>\n<div class=\"chombo-hub-feature__body\">\n<h3>Chombo-fishing<\/h3>\n<p>Accompagnement par un guide de p\u00eache professionnel<\/p>\n<p><a class=\"chombo-btn chombo-hub-feature__button\" href=\"https:\/\/chomboadventures.com\/fr\/chombofishing\/\">D\u00e9couvrir cette exp\u00e9rience<\/a>\n<\/div>\n<\/article>\n<\/div>\n<p>Laissez notre guide exp\u00e9riment\u00e9 vous mener vers les meilleurs spots. Sur le Haringvliet et, en \u00e9t\u00e9 par beau temps, en mer, vous serez surpris par des prises exceptionnelles. L&#x27;exp\u00e9rience, la nature et, bien s\u00fbr, le calme de l&#x27;eau sont au c\u0153ur de l&#x27;activit\u00e9 ; les prises sont un bonus.<\/p>\n<div class=\"chombo-hub-feature-list\">\n<article class=\"chombo-hub-feature chombo-hub-feature--seal\">\n<figure class=\"chombo-hub-feature__media\">\n<img decoding=\"async\" src=\"\/wp-content\/themes\/chombo-adventures\/assets\/photos\/seal-hero.jpg\" alt=\"\"><br \/>\n<\/figure>\n<div class=\"chombo-hub-feature__body\">\n<h3>Chombo-sealsafari<\/h3>\n<p>\u00c0 la rencontre des habitants de nos c\u00f4tes<\/p>\n<p><a class=\"chombo-btn chombo-hub-feature__button\" href=\"https:\/\/chomboadventures.com\/fr\/chombosealsafari\/\">D\u00e9couvrir cette exp\u00e9rience<\/a>\n<\/div>\n<\/article>\n<\/div>\n<p>La Pr\u00e9-delta abrite une nature magnifique. Nous naviguons silencieusement le long des bancs de sable pour observer les phoques et les oiseaux dans leur habitat naturel. Une exp\u00e9rience pr\u00e9cieuse pour petits et grands.<\/p>\n<div class=\"chombo-hub-feature-list\">\n<article class=\"chombo-hub-feature chombo-hub-feature--nature\">\n<figure class=\"chombo-hub-feature__media\">\n<img decoding=\"async\" src=\"\/wp-content\/themes\/chombo-adventures\/assets\/photos\/nature-hero.jpg\" alt=\"\"><br \/>\n<\/figure>\n<div class=\"chombo-hub-feature__body\">\n<h3>Chombo-nature spotting sur le Haringvliet<\/h3>\n<p>D\u00e9couvrez les tr\u00e9sors cach\u00e9s du Haringvliet. Des imposants pygargues \u00e0 queue blanche aux oiseaux aquatiques rares ; nous prenons le temps d&#x27;observer la flore et la faune pendant que le monde autour de nous s&#x27;arr\u00eate un instant.<\/p>\n<p><a class=\"chombo-btn chombo-hub-feature__button\" href=\"https:\/\/chomboadventures.com\/fr\/chombonaturespotting\/\">D\u00e9couvrir cette exp\u00e9rience<\/a>\n<\/div>\n<\/article>\n<\/div>\n<p>Chez Chombo-adventures, il ne s&#x27;agit pas de vitesse, mais de connexion avec la nature et les \u00e9l\u00e9ments. Vous reviendrez avec une exp\u00e9rience unique sur l&#x27;eau, l&#x27;esprit l\u00e9ger et un sentiment de pl\u00e9nitude. Ne pas acc\u00e9l\u00e9rer, mais ralentir !<\/p>\n<h2>La nature vous appelle. Embarquez-vous avec nous ?<\/h2>\n","protected":false},"excerpt":{"rendered":"<p>\u00c9cheppez \u00e0 la routine quotidienne avec Chombo-adventures Ressentez la libert\u00e9 sur l&#x27;eau et d\u00e9couvrez la nature sauvage du Delta. Fatigu\u00e9 de l&#x27;agitation de la ville ? Envie de laisser derri\u00e8re vous un agenda surcharg\u00e9 pour vous d\u00e9tendre \u00e0 travers une exp\u00e9rience unique ? Chez Chombo-adventures, nous vous emmenons l\u00e0 o\u00f9 le vent a encore la [&hellip;]<\/p>\n","protected":false},"author":0,"featured_media":0,"parent":0,"menu_order":0,"comment_status":"closed","ping_status":"closed","template":"templates\/hub.php","meta":{"footnotes":""},"chombo_brand":[34],"class_list":["post-584","page","type-page","status-publish","hentry"],"_links":{"self":[{"href":"https:\/\/chomboadventures.com\/fr\/wp-json\/wp\/v2\/pages\/584","targetHints":{"allow":["GET"]}}],"collection":[{"href":"https:\/\/chomboadventures.com\/fr\/wp-json\/wp\/v2\/pages"}],"about":[{"href":"https:\/\/chomboadventures.com\/fr\/wp-json\/wp\/v2\/types\/page"}],"replies":[{"embeddable":true,"href":"https:\/\/chomboadventures.com\/fr\/wp-json\/wp\/v2\/comments?post=584"}],"version-history":[{"count":6,"href":"https:\/\/chomboadventures.com\/fr\/wp-json\/wp\/v2\/pages\/584\/revisions"}],"predecessor-version":[{"id":654,"href":"https:\/\/chomboadventures.com\/fr\/wp-json\/wp\/v2\/pages\/584\/revisions\/654"}],"wp:attachment":[{"href":"https:\/\/chomboadventures.com\/fr\/wp-json\/wp\/v2\/media?parent=584"}],"wp:term":[{"taxonomy":"chombo_brand","embeddable":true,"href":"https:\/\/chomboadventures.com\/fr\/wp-json\/wp\/v2\/chombo_brand?post=584"}],"curies":[{"name":"wp","href":"https:\/\/api.w.org\/{rel}","templated":true}]}}