{"id":590,"date":"2026-05-01T19:42:31","date_gmt":"2026-05-01T19:42:31","guid":{"rendered":"https:\/\/chomboadventures.com\/chombosealsafari-fr\/"},"modified":"2026-05-04T10:43:53","modified_gmt":"2026-05-04T10:43:53","slug":"chombosealsafari","status":"publish","type":"page","link":"https:\/\/chomboadventures.com\/fr\/chombosealsafari\/","title":{"rendered":"Chombo Seal Safari"},"content":{"rendered":"<p class=\"chombo-eyebrow\">Bienvenue chez Chombo-sealsafari : L\u00e0 o\u00f9 la nature dicte le temps<\/p>\n<section id=\"over\" class=\"chombo-split-section\">\n<div class=\"chombo-split-section__text\">\n<p>Montez \u00e0 bord et laissez l&#x27;agitation du rivage derri\u00e8re vous. Nous vous emmenons dans le Pre-delta. Pas pour une course rapide, mais pour une rencontre avec la mer du Nord \u00e0 son propre rythme.<\/p>\n<\/div>\n<figure class=\"chombo-split-section__media\">\n<img decoding=\"async\" src=\"\/wp-content\/themes\/chombo-adventures\/assets\/photos\/seal\/section-1.jpg\" alt=\"\"><br \/>\n<\/figure>\n<\/section>\n<section id=\"vertragen\" class=\"chombo-split-section chombo-split-section--reverse\">\n<div class=\"chombo-split-section__text\">\n<h2>Ne pas acc\u00e9l\u00e9rer, mais ralentir<\/h2>\n<p>Dans un monde qui reste toujours \u00ab branch\u00e9 \u00bb, nous choisissons le calme ; nos safaris sont centr\u00e9s sur la nature. Tandis que le moteur \u00e9lectrique nous maintient en place dans un silence total, vous n&#x27;entendrez plus que le clapotis de l&#x27;eau, le cri des oiseaux c\u00f4tiers ou celui d&#x27;un blanchon (jeune phoque). C&#x27;est dans ce silence que la nature se r\u00e9v\u00e8le sous son plus beau jour ; la vie s&#x27;anime autour de nous et nous l&#x27;observons, l&#x27;\u00e9coutons et la respirons.<\/p>\n<\/div>\n<figure class=\"chombo-split-section__media\">\n<img decoding=\"async\" src=\"\/wp-content\/themes\/chombo-adventures\/assets\/photos\/seal\/section-2.jpg\" alt=\"\"><br \/>\n<\/figure>\n<\/section>\n<section id=\"getij\" class=\"chombo-split-section\">\n<div class=\"chombo-split-section__text\">\n<h2>Pas de montre, seulement le temps et la mar\u00e9e<\/h2>\n<p>Chez nous, c&#x27;est la nature qui nous donne l&#x27;heure. Nous naviguons au rythme des \u00e9l\u00e9ments : la position du soleil, la direction du vent et le mouvement de la mar\u00e9e. Lorsque les bancs de sable se d\u00e9couvrent, nous nous pr\u00e9parons \u00e0 rencontrer les habitants du Pre-delta. Nous privil\u00e9gions l&#x27;intimit\u00e9 : pas de grand bateau bond\u00e9, mais une exp\u00e9rience en petit comit\u00e9.<\/p>\n<\/div>\n<figure class=\"chombo-split-section__media\">\n<img decoding=\"async\" src=\"\/wp-content\/themes\/chombo-adventures\/assets\/photos\/seal\/section-3.jpg\" alt=\"\"><br \/>\n<\/figure>\n<\/section>\n<section id=\"habitat\" class=\"chombo-split-section chombo-split-section--reverse\">\n<div class=\"chombo-split-section__text\">\n<h2>Rencontrez les phoques et les oiseaux dans leur habitat<\/h2>\n<p>Ici, les phoques sont chez eux. Nous les observons avec le plus grand respect dans leur environnement, ce qui vous donne la chance de les voir dans leur \u00e9tat le plus naturel : se reposant sur les bancs de sable ou nageant avec curiosit\u00e9. De nombreuses esp\u00e8ces d&#x27;oiseaux viennent \u00e9galement s&#x27;y nourrir, s&#x27;envolent et se posent ; ils font partie int\u00e9grante de notre instant en pleine nature. Un v\u00e9ritable bonheur pour les photographes et les amoureux de la nature.<\/p>\n<\/div>\n<figure class=\"chombo-split-section__media\">\n<img decoding=\"async\" src=\"\/wp-content\/themes\/chombo-adventures\/assets\/photos\/seal\/section-4.jpg\" alt=\"\"><br \/>\n<\/figure>\n<\/section>\n<section id=\"werkwijze\" class=\"chombo-split-section\">\n<div class=\"chombo-split-section__text\">\n<h2>Comment \u00e7a se passe ?<\/h2>\n<p>Nous nous retrouvons \u00e0 un point de rendez-vous convenu \u00e0 l&#x27;avance et partons vers les bancs de sable.<\/p>\n<div class=\"chombo-feature-grid\">\n<article class=\"chombo-feature-card\">\n<h3>Dur\u00e9e<\/h3>\n<p>Comptez entre 2 h et 2 h 30 de tour, selon la m\u00e9t\u00e9o et les rencontres que nous ferons.<\/p>\n<\/article>\n<article class=\"chombo-feature-card\">\n<h3>Capacit\u00e9<\/h3>\n<p>Maximum 4 personnes par sortie.<\/p>\n<\/article>\n<article class=\"chombo-feature-card\">\n<h3>\u00c0 pr\u00e9voir<\/h3>\n<p>Des jumelles, un appareil photo et de quoi boire.<\/p>\n<\/article>\n<article class=\"chombo-feature-card\">\n<h3>Tenue<\/h3>\n<p>Habillez-vous en fonction de la m\u00e9t\u00e9o. N&#x27;oubliez pas qu&#x27;avec le vent, il fait toujours plus frais sur l&#x27;eau.<\/p>\n<\/article>\n<\/div>\n<p>Contactez-nous via le formulaire de contact et nous reviendrons vers vous.<\/p>\n<\/div>\n<figure class=\"chombo-split-section__media\">\n<img decoding=\"async\" src=\"\/wp-content\/themes\/chombo-adventures\/assets\/photos\/seal\/section-1.jpg\" alt=\"\"><br \/>\n<\/figure>\n<\/section>\n<section id=\"sectie-6\" class=\"chombo-split-section chombo-split-section--reverse\">\n<div class=\"chombo-split-section__text\">\n<h2>Montez \u00e0 bord, et laissez la mer du Nord et la nature faire le reste !<\/h2>\n<\/div>\n<figure class=\"chombo-split-section__media\">\n<img decoding=\"async\" src=\"\/wp-content\/themes\/chombo-adventures\/assets\/photos\/seal\/section-2.jpg\" alt=\"\"><br \/>\n<\/figure>\n<\/section>\n","protected":false},"excerpt":{"rendered":"<p>Bienvenue chez Chombo-sealsafari : L\u00e0 o\u00f9 la nature dicte le temps Montez \u00e0 bord et laissez l&#x27;agitation du rivage derri\u00e8re vous. Nous vous emmenons dans le Pre-delta. Pas pour une course rapide, mais pour une rencontre avec la mer du Nord \u00e0 son propre rythme. Ne pas acc\u00e9l\u00e9rer, mais ralentir Dans un monde qui reste [&hellip;]<\/p>\n","protected":false},"author":0,"featured_media":0,"parent":0,"menu_order":0,"comment_status":"closed","ping_status":"closed","template":"templates\/brand.php","meta":{"footnotes":""},"chombo_brand":[33],"class_list":["post-590","page","type-page","status-publish","hentry"],"_links":{"self":[{"href":"https:\/\/chomboadventures.com\/fr\/wp-json\/wp\/v2\/pages\/590","targetHints":{"allow":["GET"]}}],"collection":[{"href":"https:\/\/chomboadventures.com\/fr\/wp-json\/wp\/v2\/pages"}],"about":[{"href":"https:\/\/chomboadventures.com\/fr\/wp-json\/wp\/v2\/types\/page"}],"replies":[{"embeddable":true,"href":"https:\/\/chomboadventures.com\/fr\/wp-json\/wp\/v2\/comments?post=590"}],"version-history":[{"count":5,"href":"https:\/\/chomboadventures.com\/fr\/wp-json\/wp\/v2\/pages\/590\/revisions"}],"predecessor-version":[{"id":639,"href":"https:\/\/chomboadventures.com\/fr\/wp-json\/wp\/v2\/pages\/590\/revisions\/639"}],"wp:attachment":[{"href":"https:\/\/chomboadventures.com\/fr\/wp-json\/wp\/v2\/media?parent=590"}],"wp:term":[{"taxonomy":"chombo_brand","embeddable":true,"href":"https:\/\/chomboadventures.com\/fr\/wp-json\/wp\/v2\/chombo_brand?post=590"}],"curies":[{"name":"wp","href":"https:\/\/api.w.org\/{rel}","templated":true}]}}